{"id":739,"date":"2024-03-07T15:42:56","date_gmt":"2024-03-07T15:42:56","guid":{"rendered":"https:\/\/aufmann.com\/?page_id=739"},"modified":"2024-05-23T21:18:23","modified_gmt":"2024-05-23T21:18:23","slug":"yolcu-asansoru","status":"publish","type":"page","link":"https:\/\/aufmann.com\/de\/personenaufzug\/","title":{"rendered":"Personenaufzug"},"content":{"rendered":"<div class=\"wp-block-rank-math-toc-block has-contrast-color has-text-color has-link-color has-small-font-size wp-elements-21d25befc9bd15de4bbc20c599a8a4fb\" style=\"margin-top:0;margin-bottom:0;padding-top:0;padding-right:0;padding-bottom:0;padding-left:0\" id=\"rank-math-toc\"><h2>Inhalt<\/h2><nav><ul><li class=\"\"><a href=\"#yolcu-asansoru-guvenli-hizli-ve-konforlu-tasima-cozumleri\">Personenaufzug: Sichere, schnelle und komfortable Transportl\u00f6sungen<\/a><ul><li class=\"\"><a href=\"#yolcu-asansoru-teknik-ozellikler\">Technische Spezifikationen f\u00fcr Personenaufz\u00fcge<\/a><ul><li class=\"\"><a href=\"#yolcu-asansoru-kapasite-cesitliligi\">Kapazit\u00e4tsvielfalt bei Personenaufz\u00fcgen<\/a><\/li><li class=\"\"><a href=\"#yolcu-asansoru-hiz-esnekligi\">Flexibilit\u00e4t bei der Geschwindigkeit von Personenaufz\u00fcgen<\/a><\/li><li class=\"\"><a href=\"#yolcu-asansoru-guvenlik-ozellikleri\">Sicherheitsfunktionen f\u00fcr Personenaufz\u00fcge<\/a><\/li><li class=\"\"><a href=\"#yolcu-asansoru-enerji-verimliligi\">Energieeffizienz von Personenaufz\u00fcgen<\/a><\/li><li class=\"\"><a href=\"#dayaniklilik-ve-performans\">Haltbarkeit und Leistung<\/a><\/li><\/ul><\/li><li class=\"\"><a href=\"#kullanim-alanlari-ve-avantajlari\">Einsatzgebiete und Vorteile<\/a><ul><li class=\"\"><a href=\"#konut-binalari\">Wohngeb\u00e4ude<\/a><\/li><li class=\"\"><a href=\"#ticari-alanlar\">Gewerbegebiete<\/a><\/li><li class=\"\"><a href=\"#oteller-ve-hastaneler\">Hotels und Krankenh\u00e4user<\/a><\/li><\/ul><\/li><li class=\"\"><a href=\"#uzman-danismanlik\">Fachkundige Beratung<\/a><\/li><\/ul><\/li><\/ul><\/nav><\/div>\n\n\n\n<h2 class=\"wp-block-heading\" id=\"yolcu-asansoru-guvenli-hizli-ve-konforlu-tasima-cozumleri\">Personenaufzug: Sichere, schnelle und komfortable Transportl\u00f6sungen<\/h2>\n\n\n\n<p>Personenaufz\u00fcge sind ein unverzichtbarer Bestandteil des modernen Lebens und ein wichtiges Transportmittel, das den Menschen das t\u00e4gliche Leben erleichtert. Heutzutage bieten diese Aufz\u00fcge, die in Gewerbe- und Wohngebieten, Einkaufszentren, Krankenh\u00e4usern, Hotels und vielen anderen Orten weit verbreitet sind, einen schnellen, sicheren und komfortablen Transport zwischen den Etagen. Diese Aufz\u00fcge erh\u00f6hen die Mobilit\u00e4t der Menschen und verbessern ihre Lebensqualit\u00e4t, indem sie L\u00f6sungen bieten, die f\u00fcr den vorgesehenen Einsatz in allen Arten von Bauwerken geeignet sind.<\/p>\n\n\n\n<h3 class=\"wp-block-heading\" id=\"yolcu-asansoru-teknik-ozellikler\">Technische Spezifikationen f\u00fcr Personenaufz\u00fcge<\/h3>\n\n\n\n<p>Die technischen Spezifikationen von Personenaufz\u00fcgen sind sorgf\u00e4ltig darauf ausgelegt, den Benutzern ein sicheres und komfortables Transporterlebnis zu bieten. Zu diesen Merkmalen geh\u00f6ren wichtige Elemente wie Kapazit\u00e4t, Geschwindigkeit, Sicherheitssysteme, Energieeffizienz und Haltbarkeit der Aufz\u00fcge.<\/p>\n\n\n\n<h4 class=\"wp-block-heading\" id=\"yolcu-asansoru-kapasite-cesitliligi\">Kapazit\u00e4tsvielfalt bei Personenaufz\u00fcgen<\/h4>\n\n\n\n<p>Personenaufz\u00fcge verf\u00fcgen \u00fcber einen breiten Kapazit\u00e4tsbereich, um unterschiedlichen Anforderungen gerecht zu werden. Mit Tragf\u00e4higkeiten von 320 kg bis 1600 kg werden L\u00f6sungen f\u00fcr unterschiedlichste Einsatzszenarien angeboten. Diese Vielfalt bietet Flexibilit\u00e4t f\u00fcr unterschiedliche Geb\u00e4udetypen und Nutzungsdichten. W\u00e4hrend beispielsweise in Wohngeb\u00e4uden Aufz\u00fcge mit geringerer Kapazit\u00e4t bevorzugt werden, kommen in Gewerbegeb\u00e4uden und Hotels Aufz\u00fcge mit h\u00f6herer Kapazit\u00e4t zum Einsatz. Diese Vielfalt erm\u00f6glicht es, die Transportl\u00f6sung zu finden, die den Bed\u00fcrfnissen von Geb\u00e4uden und Nutzern am besten entspricht.<\/p>\n\n\n\n<h4 class=\"wp-block-heading\" id=\"yolcu-asansoru-hiz-esnekligi\">Flexibilit\u00e4t bei der Geschwindigkeit von Personenaufz\u00fcgen<\/h4>\n\n\n\n<p>Die Geschwindigkeit von Aufz\u00fcgen kann je nach Geb\u00e4udestruktur und Verwendungszweck angepasst werden. Mit Geschwindigkeitsoptionen, die im Allgemeinen zwischen 0,63 m\/Sek. und 2,2 m\/Sek. variieren, k\u00f6nnen Benutzer ihre Ziele schnell und effektiv erreichen. W\u00e4hrend niedrige Geschwindigkeiten f\u00fcr ein komfortables Reiseerlebnis sorgen, sorgen hohe Geschwindigkeiten f\u00fcr eine effektive Fortbewegung in Notsituationen. Insbesondere in Hochh\u00e4usern erm\u00f6glichen Hochgeschwindigkeitsaufz\u00fcge den Benutzern eine Zeitersparnis, indem sie den Transport zwischen den Stockwerken beschleunigen.<\/p>\n\n\n\n<h4 class=\"wp-block-heading\" id=\"yolcu-asansoru-guvenlik-ozellikleri\">Sicherheitsfunktionen f\u00fcr Personenaufz\u00fcge<\/h4>\n\n\n\n<p>Personenaufz\u00fcge sind mit einer Reihe von Sicherheitsfunktionen ausgestattet, um die Sicherheit der Benutzer zu gew\u00e4hrleisten. Funktionen wie T\u00fcrsensoren, Notruftasten, \u00dcberlastschutz und Notpausensysteme erm\u00f6glichen Benutzern ein sicheres Reisen. Diese Funktionen, die darauf ausgelegt sind, den Aufzug sicher anzuhalten und Benutzer insbesondere in Notsituationen zu evakuieren, erh\u00f6hen die Zuverl\u00e4ssigkeit von Aufz\u00fcgen. Sicherheit ist eines der wichtigsten Elemente von Personenaufz\u00fcgen, damit Benutzer die Aufz\u00fcge beruhigt nutzen k\u00f6nnen.<\/p>\n\n\n\n<h4 class=\"wp-block-heading\" id=\"yolcu-asansoru-enerji-verimliligi\">Energieeffizienz von Personenaufz\u00fcgen<\/h4>\n\n\n\n<p>Moderne Personenaufz\u00fcge bieten eine umweltfreundliche Transportl\u00f6sung mit geringem Energieverbrauch. Funktionen wie intelligente Energiemanagementsysteme, Energier\u00fcckgewinnungstechnologien und LED-Beleuchtung senken die Betriebskosten und minimieren die Umweltbelastung. Energieeffizienz ist einer der wichtigsten Schwerpunkte moderner Aufzugstechnik. Fortschrittliche Steuerungssysteme und effiziente Motoren minimieren den Energieverbrauch und sorgen gleichzeitig f\u00fcr ein reibungsloses und komfortables Transporterlebnis f\u00fcr die Benutzer.<\/p>\n\n\n\n<h4 class=\"wp-block-heading\" id=\"dayaniklilik-ve-performans\">Haltbarkeit und Leistung<\/h4>\n\n\n\n<p>Die langlebige und robuste Struktur von Personenaufz\u00fcgen verspricht eine dauerhafte Leistung. Durch hochwertige Materialien und regelm\u00e4\u00dfige Wartung werden die Zuverl\u00e4ssigkeit und Effizienz von Aufz\u00fcgen erh\u00f6ht. Dies reduziert die Betriebskosten und erh\u00f6ht die Benutzerzufriedenheit. Durch die Langlebigkeit sind Aufz\u00fcge langlebig und zuverl\u00e4ssig, was insbesondere f\u00fcr gewerbliche und stark genutzte Geb\u00e4ude ein gro\u00dfer Vorteil ist.<\/p>\n\n\n\n<h3 class=\"wp-block-heading\" id=\"kullanim-alanlari-ve-avantajlari\">Einsatzgebiete und Vorteile<\/h3>\n\n\n\n<p>Personenaufz\u00fcge bieten in unterschiedlichen Einsatzbereichen verschiedene Vorteile. Diese Aufz\u00fcge, die in Wohngeb\u00e4uden, Gewerbegebieten, Hotels und vielen anderen Orten weit verbreitet sind, erleichtern den Menschen das t\u00e4gliche Leben und machen Geb\u00e4ude funktionaler und zeitgem\u00e4\u00dfer.<\/p>\n\n\n\n<h4 class=\"wp-block-heading\" id=\"konut-binalari\">Wohngeb\u00e4ude<\/h4>\n\n\n\n<p>In Wohngeb\u00e4uden eingesetzte Personenaufz\u00fcge erleichtern den Alltag der Bewohner. In Hochh\u00e4usern sind Aufz\u00fcge von entscheidender Bedeutung, insbesondere f\u00fcr \u00e4ltere Menschen, behinderte Menschen und Familien mit Kindern. Diese Aufz\u00fcge bieten ein komfortables und sicheres Transporterlebnis und verbessern die Lebensqualit\u00e4t der Geb\u00e4udebewohner.<\/p>\n\n\n\n<h4 class=\"wp-block-heading\" id=\"ticari-alanlar\">Gewerbegebiete<\/h4>\n\n\n\n<p>In Gewerbefl\u00e4chen erm\u00f6glichen Personenaufz\u00fcge Kunden und Mitarbeitern einen schnellen und effizienten Wechsel zwischen den Etagen. In Einkaufszentren, B\u00fcrogeb\u00e4uden und Restaurants steigern diese Aufz\u00fcge die Effizienz von Unternehmen, indem sie den Arbeitsfluss beschleunigen. Personenaufz\u00fcge, die in Gewerbegebieten eingesetzt werden, sind in der Regel Aufz\u00fcge mit h\u00f6herer Kapazit\u00e4t und schnelleren Aufz\u00fcgen, die eine effektive Transportl\u00f6sung in Szenarien mit starker Beanspruchung bieten.<\/p>\n\n\n\n<h4 class=\"wp-block-heading\" id=\"oteller-ve-hastaneler\">Hotels und Krankenh\u00e4user<\/h4>\n\n\n\n<p>In Orten wie Hotels und Krankenh\u00e4usern erm\u00f6glichen Personenaufz\u00fcge G\u00e4sten und Patienten den bequemen und sicheren Wechsel zwischen den Etagen. An solchen Orten sind Sicherheit, Komfort und Geschwindigkeit von Aufz\u00fcgen von entscheidender Bedeutung, um die Zufriedenheit und Sicherheit der Benutzer zu gew\u00e4hrleisten. Es ist von entscheidender Bedeutung, dass Aufz\u00fcge in Krankenh\u00e4usern zuverl\u00e4ssig und schnell sind, insbesondere bei Notf\u00e4llen und beim Patiententransport.<\/p>\n\n\n\n<h3 class=\"wp-block-heading\" id=\"uzman-danismanlik\">Fachkundige Beratung<\/h3>\n\n\n\n<p>Bei der Auswahl eines Personenaufzugs sollten neben technischen Merkmalen auch Faktoren wie der Verwendungszweck, die Geb\u00e4udestruktur und das Budget ber\u00fccksichtigt werden. Unsere Experten unterst\u00fctzen Sie bei der Ermittlung des f\u00fcr Sie am besten geeigneten Aufzugs und w\u00e4hrend des Installationsprozesses. Kontaktieren Sie uns f\u00fcr L\u00f6sungen und detaillierte Beratung, die auf Ihre Bed\u00fcrfnisse zugeschnitten sind.<\/p>\n\n\n\n<p>Personenaufz\u00fcge bieten ein sicheres, schnelles und komfortables Transporterlebnis und sind ein wesentlicher Bestandteil des modernen Lebens. Mit seinen technischen Eigenschaften und Nutzungsvorteilen erleichtert es den Alltag der Menschen und sorgt daf\u00fcr, dass Geb\u00e4ude funktionaler und zeitgem\u00e4\u00dfer werden. Mit ihren unterschiedlichen Kapazit\u00e4ts- und Geschwindigkeitsoptionen, Sicherheitsmerkmalen, Energieeffizienz und Langlebigkeit bieten Personenaufz\u00fcge eine effektive Transportl\u00f6sung in allen Arten von Bauwerken.<\/p>","protected":false},"excerpt":{"rendered":"<p>Personenaufzug: Sichere, schnelle und bequeme Transportl\u00f6sungen Der Personenaufzug ist ein unverzichtbarer Bestandteil des modernen Lebens und ein wichtiges Transportmittel, das den Menschen das t\u00e4gliche Leben erleichtert. Heutzutage sind diese Aufz\u00fcge in Gesch\u00e4fts- und Wohngebieten, Einkaufszentren, Krankenh\u00e4usern, Hotels und vielen anderen Orten weit verbreitet und erm\u00f6glichen einen schnellen, sicheren und komfortablen Transport zwischen den Etagen. Diese Aufz\u00fcge, alle Arten von [...]<\/p>","protected":false},"author":1,"featured_media":863,"parent":0,"menu_order":0,"comment_status":"closed","ping_status":"closed","template":"","meta":{"footnotes":""},"class_list":["post-739","page","type-page","status-publish","has-post-thumbnail","hentry"],"_links":{"self":[{"href":"https:\/\/aufmann.com\/de\/wp-json\/wp\/v2\/pages\/739","targetHints":{"allow":["GET"]}}],"collection":[{"href":"https:\/\/aufmann.com\/de\/wp-json\/wp\/v2\/pages"}],"about":[{"href":"https:\/\/aufmann.com\/de\/wp-json\/wp\/v2\/types\/page"}],"author":[{"embeddable":true,"href":"https:\/\/aufmann.com\/de\/wp-json\/wp\/v2\/users\/1"}],"replies":[{"embeddable":true,"href":"https:\/\/aufmann.com\/de\/wp-json\/wp\/v2\/comments?post=739"}],"version-history":[{"count":3,"href":"https:\/\/aufmann.com\/de\/wp-json\/wp\/v2\/pages\/739\/revisions"}],"predecessor-version":[{"id":977,"href":"https:\/\/aufmann.com\/de\/wp-json\/wp\/v2\/pages\/739\/revisions\/977"}],"wp:featuredmedia":[{"embeddable":true,"href":"https:\/\/aufmann.com\/de\/wp-json\/wp\/v2\/media\/863"}],"wp:attachment":[{"href":"https:\/\/aufmann.com\/de\/wp-json\/wp\/v2\/media?parent=739"}],"curies":[{"name":"wp","href":"https:\/\/api.w.org\/{rel}","templated":true}]}}